{"id":14309,"date":"2023-01-20T16:16:58","date_gmt":"2023-01-20T15:16:58","guid":{"rendered":"https:\/\/miveeco.eapp.it\/?page_id=14309"},"modified":"2024-01-29T10:56:23","modified_gmt":"2024-01-29T09:56:23","slug":"sistemi-di-scarico-per-yacht","status":"publish","type":"page","link":"https:\/\/www.marineexhaust.com\/it\/sistemi-di-scarico-per-yacht\/","title":{"rendered":"Sistemi gas di scarico per motori marini"},"content":{"rendered":"<p>[vc_row pix_particles_check=&#8221;&#8221;][vc_column content_align=&#8221;text-center&#8221;]<div id=\"duo-icon-74553029\" class=\"pix-icon d-inline-block \"><div class=\"mr-32 d-inline-block text-primary \"   style=\"width:64.8px;height:64.8px;position:relative;line-height:64.8px;text-align:center;\"><svg width=\"100%\" height=\"100%\" viewBox=\"0 0 24 24\" version=\"1.1\" xmlns=\"http:\/\/www.w3.org\/2000\/svg\" xmlns:xlink=\"http:\/\/www.w3.org\/1999\/xlink\"> <defs><\/defs> <g stroke=\"none\" stroke-width=\"1\" fill=\"none\" fill-rule=\"evenodd\"> <path d=\"M4,4 L11.6314229,2.5691082 C11.8750185,2.52343403 12.1249815,2.52343403 12.3685771,2.5691082 L20,4 L20,13.2830094 C20,16.2173861 18.4883464,18.9447835 16,20.5 L12.5299989,22.6687507 C12.2057287,22.8714196 11.7942713,22.8714196 11.4700011,22.6687507 L8,20.5 C5.51165358,18.9447835 4,16.2173861 4,13.2830094 L4,4 Z\" fill=\"#000000\" opacity=\"0.3\"><\/path> <path d=\"M11.1750002,14.75 C10.9354169,14.75 10.6958335,14.6541667 10.5041669,14.4625 L8.58750019,12.5458333 C8.20416686,12.1625 8.20416686,11.5875 8.58750019,11.2041667 C8.97083352,10.8208333 9.59375019,10.8208333 9.92916686,11.2041667 L11.1750002,12.45 L14.3375002,9.2875 C14.7208335,8.90416667 15.2958335,8.90416667 15.6791669,9.2875 C16.0625002,9.67083333 16.0625002,10.2458333 15.6791669,10.6291667 L11.8458335,14.4625 C11.6541669,14.6541667 11.4145835,14.75 11.1750002,14.75 Z\" fill=\"#000000\"><\/path> <\/g> <\/svg><\/div><\/div><div  class=\"pix-heading-el text-center  vc_custom_1705411418919\"><div><div class=\"slide-in-container\"><h4 class=\"text-heading-default font-weight-bold heading-text el-title_custom_color mb-12\" style=\"\" data-anim-type=\"\" data-anim-delay=\"0\">Massima Esperienza sui sistemi gas di scarico per yacht.<\/h4><\/div><\/div><\/div><div class=\"pix-el-text w-100 text-center  vc_custom_1705411433825\" ><div class=\"d-inline-block\" style=\"max-width:600px;\"><p class=\"text-18  text-body-default text-center \" >Un Team di ingegneri \u00e8 a tua completa disposizione per far funzionare al meglio gli impianti gas di scarico del tuo yacht.<\/p><\/div><\/div>[\/vc_column][\/vc_row][vc_section full_width=&#8221;stretch_row&#8221; pix_over_visibility=&#8221;&#8221; bottom_divider_select=&#8221;9&#8243; bottom_layers=&#8221;1&#8243; css=&#8221;.vc_custom_1674231961302{margin-top: 32px !important;padding-top: 32px !important;padding-bottom: 60px !important;background-color: #f8f9fa !important;}&#8221;][vc_row pix_particles_check=&#8221;&#8221;][vc_column width=&#8221;1\/4&#8243;]<div class=\"pix-content-box card         rounded-lg bg- w-100  \"   ><div class=\"\" style=\"z-index:30;position:relative;\"><a  href=\"\/sviluppo-degli-impianti-dei-motori-di-propulsione\/\" class=\" fly\"><div class=\"card   vc_custom_1705419063485  rounded-10  overflow-hidden shadow shadow-hover fly  animate-in \" data-anim-delay=\"200\" data-anim-type=\"fade-in-up\"><img decoding=\"async\" src=\"https:\/\/www.marineexhaust.com\/wp-content\/plugins\/pixfort-core\/functions\/images\/loading.webp\"   data-srcset=\"https:\/\/www.marineexhaust.com\/wp-content\/uploads\/2023\/05\/main-propulsion-engine-development-1-4-300x197.jpg 300w, https:\/\/www.marineexhaust.com\/wp-content\/uploads\/2023\/05\/main-propulsion-engine-development-1-4-1024x671.jpg 1024w, https:\/\/www.marineexhaust.com\/wp-content\/uploads\/2023\/05\/main-propulsion-engine-development-1-4-768x503.jpg 768w, https:\/\/www.marineexhaust.com\/wp-content\/uploads\/2023\/05\/main-propulsion-engine-development-1-4.jpg 1350w\" data-src=\"https:\/\/www.marineexhaust.com\/wp-content\/uploads\/2023\/05\/main-propulsion-engine-development-1-4.jpg\" class=\"pix-lazy\" loading=\"lazy\" alt=\"Sviluppo degli impianti dei motori di propulsione\"><div class=\"card-body\"><div class=\"d-flex justify-content-between align-items-center font-weight-bold text-heading-default\"><h6 style=\"\" class=\"card-title mb-0 font-weight-bold text-heading-default\">Sviluppo degli impianti dei motori di propulsione<\/h6><h6 style=\"\" class=\"font-weight-bold text-heading-default pixicon-angle-right\"><\/h6><\/div><\/div><\/div><\/a><\/div><\/div>[\/vc_column][vc_column width=&#8221;1\/4&#8243;]<div class=\"pix-content-box card         rounded-lg bg- w-100  \"   ><div class=\"\" style=\"z-index:30;position:relative;\"><a  href=\"\/sviluppo-generatori-diesel\/\" class=\" fly\"><div class=\"card   vc_custom_1706522181894  rounded-10  overflow-hidden shadow shadow-hover fly  animate-in \" data-anim-delay=\"200\" data-anim-type=\"fade-in-up\"><img decoding=\"async\" src=\"https:\/\/www.marineexhaust.com\/wp-content\/plugins\/pixfort-core\/functions\/images\/loading.webp\"   data-srcset=\"https:\/\/www.marineexhaust.com\/wp-content\/uploads\/2023\/09\/dry-stack-systems-development-5-1-1-300x197.jpg 300w, https:\/\/www.marineexhaust.com\/wp-content\/uploads\/2023\/09\/dry-stack-systems-development-5-1-1-1024x671.jpg 1024w, https:\/\/www.marineexhaust.com\/wp-content\/uploads\/2023\/09\/dry-stack-systems-development-5-1-1-768x503.jpg 768w, https:\/\/www.marineexhaust.com\/wp-content\/uploads\/2023\/09\/dry-stack-systems-development-5-1-1.jpg 1350w\" data-src=\"https:\/\/www.marineexhaust.com\/wp-content\/uploads\/2023\/09\/dry-stack-systems-development-5-1-1.jpg\" class=\"pix-lazy\" loading=\"lazy\" alt=\"Sviluppo impianti generatori diesel\"><div class=\"card-body\"><div class=\"d-flex justify-content-between align-items-center font-weight-bold text-heading-default\"><h6 style=\"\" class=\"card-title mb-0 font-weight-bold text-heading-default\">Sviluppo impianti generatori diesel<\/h6><h6 style=\"\" class=\"font-weight-bold text-heading-default pixicon-angle-right\"><\/h6><\/div><\/div><\/div><\/a><\/div><\/div>[\/vc_column][vc_column width=&#8221;1\/4&#8243;]<div class=\"pix-content-box card         rounded-lg bg- w-100  \"   ><div class=\"\" style=\"z-index:30;position:relative;\"><a  href=\"\/tecnologia-di-controllo-emissione\/\" class=\" fly\"><div class=\"card   vc_custom_1705411486246  rounded-10  overflow-hidden shadow shadow-hover fly  animate-in \" data-anim-delay=\"200\" data-anim-type=\"fade-in-up\"><img decoding=\"async\" src=\"https:\/\/www.marineexhaust.com\/wp-content\/plugins\/pixfort-core\/functions\/images\/loading.webp\"   data-srcset=\"https:\/\/www.marineexhaust.com\/wp-content\/uploads\/2023\/05\/emission-technology-4-300x197.jpg 300w, https:\/\/www.marineexhaust.com\/wp-content\/uploads\/2023\/05\/emission-technology-4-1024x671.jpg 1024w, https:\/\/www.marineexhaust.com\/wp-content\/uploads\/2023\/05\/emission-technology-4-768x503.jpg 768w, https:\/\/www.marineexhaust.com\/wp-content\/uploads\/2023\/05\/emission-technology-4.jpg 1350w\" data-src=\"https:\/\/www.marineexhaust.com\/wp-content\/uploads\/2023\/05\/emission-technology-4.jpg\" class=\"pix-lazy\" loading=\"lazy\" alt=\"Tecnologia di controllo delle emissioni\"><div class=\"card-body\"><div class=\"d-flex justify-content-between align-items-center font-weight-bold text-heading-default\"><h6 style=\"\" class=\"card-title mb-0 font-weight-bold text-heading-default\">Tecnologia di controllo delle emissioni<\/h6><h6 style=\"\" class=\"font-weight-bold text-heading-default pixicon-angle-right\"><\/h6><\/div><\/div><\/div><\/a><\/div><\/div>[\/vc_column][vc_column width=&#8221;1\/4&#8243;]<div class=\"pix-content-box card         rounded-lg bg- w-100  \"   ><div class=\"\" style=\"z-index:30;position:relative;\"><a  href=\"\/sviluppo-sistemi-a-secco\/\" class=\" fly\"><div class=\"card   vc_custom_1705411500034  rounded-10  overflow-hidden shadow shadow-hover fly  animate-in \" data-anim-delay=\"200\" data-anim-type=\"fade-in-up\"><img decoding=\"async\" src=\"https:\/\/www.marineexhaust.com\/wp-content\/plugins\/pixfort-core\/functions\/images\/loading.webp\"   data-srcset=\"https:\/\/www.marineexhaust.com\/wp-content\/uploads\/2023\/06\/dry-stack-systems-development-mive-eco-4-300x197.jpg 300w, https:\/\/www.marineexhaust.com\/wp-content\/uploads\/2023\/06\/dry-stack-systems-development-mive-eco-4-1024x671.jpg 1024w, https:\/\/www.marineexhaust.com\/wp-content\/uploads\/2023\/06\/dry-stack-systems-development-mive-eco-4-768x503.jpg 768w, https:\/\/www.marineexhaust.com\/wp-content\/uploads\/2023\/06\/dry-stack-systems-development-mive-eco-4.jpg 1350w\" data-src=\"https:\/\/www.marineexhaust.com\/wp-content\/uploads\/2023\/06\/dry-stack-systems-development-mive-eco-4.jpg\" class=\"pix-lazy\" loading=\"lazy\" alt=\"Sviluppo sistemi di scarico a secco\"><div class=\"card-body\"><div class=\"d-flex justify-content-between align-items-center font-weight-bold text-heading-default\"><h6 style=\"\" class=\"card-title mb-0 font-weight-bold text-heading-default\">Sviluppo sistemi di scarico a secco<\/h6><h6 style=\"\" class=\"font-weight-bold text-heading-default pixicon-angle-right\"><\/h6><\/div><\/div><\/div><\/a><\/div><\/div>[\/vc_column][\/vc_row][\/vc_section][vc_row pix_particles_check=&#8221;&#8221; css=&#8221;.vc_custom_1674386296137{padding-top: 32px !important;padding-bottom: 32px !important;background-color: #ffffff !important;}&#8221;][vc_column width=&#8221;2\/3&#8243;]<div  class=\"pix-heading-el text-left  vc_custom_1705929423232\"><div><div class=\"slide-in-container\"><h4 class=\"text-heading-default font-weight-bold heading-text el-title_custom_color mb-12\" style=\"\" data-anim-type=\"\" data-anim-delay=\"0\">I nostri ingegneri progettano ogni componente per garantire le migliori prestazioni possibili al tuo yacht<\/h4><\/div><\/div><\/div>[vc_column_text]Gli ingegneri della Mive Eco sono il meglio che l\u2019ambito navale possa offire. L&#8217;esperienza ultra trentennale ci consente di sapere esattamente come far funzionare al meglio il tuo yacht. Realizziamo impianti di scarico per yacht di nuova costruzione oppure refit, per imbarcazioni militari e trasporto passeggeri. Nessuno pu\u00f2 vantare un maggior numero di impianti realizzati.<\/p>\n<p>Mive Eco possiede un know-how interno senza rivali. Oltre alla nostra esperienza nella progettazione di sistemi di scarico marini, conosciamo anche le costruzioni navali, i macchinari di bordo, l\u2019idrodinamica e la termofluidodinamica nonch\u00e8 tutte le problematiche di costruzione. La creativit\u00e0 anima i professionisti della Mive Eco, abituati a risolvere qualsiasi tipo di problema anche nelle situazioni pi\u00f9 impegnative. I nostri ingegneri hanno superato innumerevoli sfide per garantire i migliori risultati possibili dal punto di vista termico, acustico sempre nel rispetto dell&#8217;ambiente. Non \u00e8 un caso che tutti i marchi pi\u00f9 famosi al mondo installino quasi esclusivamente componenti Mive Eco.[\/vc_column_text][\/vc_column][vc_column width=&#8221;1\/3&#8243;][vc_widget_sidebar sidebar_id=&#8221;sidebar-sistemidiscaricoperyacht&#8221;][\/vc_column][\/vc_row]<\/p>\n","protected":false},"excerpt":{"rendered":"<p>[vc_row pix_particles_check=&#8221;&#8221;][vc_column content_align=&#8221;text-center&#8221;][\/vc_column][\/vc_row][vc_section full_width=&#8221;stretch_row&#8221; pix_over_visibility=&#8221;&#8221; bottom_divider_select=&#8221;9&#8243; bottom_layers=&#8221;1&#8243; css=&#8221;.vc_custom_1674231961302{margin-top: 32px !important;padding-top: 32px !important;padding-bottom: 60px !important;background-color: #f8f9fa !important;}&#8221;][vc_row pix_particles_check=&#8221;&#8221;][vc_column width=&#8221;1\/4&#8243;][\/vc_column][vc_column width=&#8221;1\/4&#8243;][\/vc_column][vc_column width=&#8221;1\/4&#8243;][\/vc_column][vc_column width=&#8221;1\/4&#8243;][\/vc_column][\/vc_row][\/vc_section][vc_row pix_particles_check=&#8221;&#8221; css=&#8221;.vc_custom_1674386296137{padding-top: 32px !important;padding-bottom: 32px !important;background-color: #ffffff !important;}&#8221;][vc_column width=&#8221;2\/3&#8243;][vc_column_text]Gli ingegneri della Mive Eco sono il meglio che l\u2019ambito navale&#8230;<\/p>\n","protected":false},"author":1,"featured_media":0,"parent":0,"menu_order":0,"comment_status":"closed","ping_status":"closed","template":"","meta":{"footnotes":""},"yoast_head":"<!-- This site is optimized with the Yoast SEO plugin v23.4 - https:\/\/yoast.com\/wordpress\/plugins\/seo\/ -->\n<title>Sistemi gas di scarico per motori marini - Marine Exhaust - Mive Eco srl<\/title>\n<meta name=\"robots\" content=\"index, follow, max-snippet:-1, max-image-preview:large, max-video-preview:-1\" \/>\n<link rel=\"canonical\" href=\"https:\/\/www.marineexhaust.com\/it\/sistemi-di-scarico-per-yacht\/\" \/>\n<meta property=\"og:locale\" content=\"it_IT\" \/>\n<meta property=\"og:type\" content=\"article\" \/>\n<meta property=\"og:title\" content=\"Sistemi gas di scarico per motori marini - Marine Exhaust - Mive Eco srl\" \/>\n<meta property=\"og:description\" content=\"[vc_row pix_particles_check=&#8221;&#8221;][vc_column content_align=&#8221;text-center&#8221;][\/vc_column][\/vc_row][vc_section full_width=&#8221;stretch_row&#8221; pix_over_visibility=&#8221;&#8221; bottom_divider_select=&#8221;9&#8243; bottom_layers=&#8221;1&#8243; css=&#8221;.vc_custom_1674231961302{margin-top: 32px !important;padding-top: 32px !important;padding-bottom: 60px !important;background-color: #f8f9fa !important;}&#8221;][vc_row pix_particles_check=&#8221;&#8221;][vc_column width=&#8221;1\/4&#8243;][\/vc_column][vc_column width=&#8221;1\/4&#8243;][\/vc_column][vc_column width=&#8221;1\/4&#8243;][\/vc_column][vc_column width=&#8221;1\/4&#8243;][\/vc_column][\/vc_row][\/vc_section][vc_row pix_particles_check=&#8221;&#8221; css=&#8221;.vc_custom_1674386296137{padding-top: 32px !important;padding-bottom: 32px !important;background-color: #ffffff !important;}&#8221;][vc_column width=&#8221;2\/3&#8243;][vc_column_text]Gli ingegneri della Mive Eco sono il meglio che l\u2019ambito navale...\" \/>\n<meta property=\"og:url\" content=\"https:\/\/www.marineexhaust.com\/it\/sistemi-di-scarico-per-yacht\/\" \/>\n<meta property=\"og:site_name\" content=\"Marine Exhaust - Mive Eco srl\" \/>\n<meta property=\"article:publisher\" content=\"https:\/\/www.facebook.com\/miveecosrl\" \/>\n<meta property=\"article:modified_time\" content=\"2024-01-29T09:56:23+00:00\" \/>\n<meta name=\"twitter:card\" content=\"summary_large_image\" \/>\n<meta name=\"twitter:label1\" content=\"Tempo di lettura stimato\" \/>\n\t<meta name=\"twitter:data1\" content=\"3 minuti\" \/>\n<script type=\"application\/ld+json\" class=\"yoast-schema-graph\">{\"@context\":\"https:\/\/schema.org\",\"@graph\":[{\"@type\":\"WebPage\",\"@id\":\"https:\/\/www.marineexhaust.com\/it\/sistemi-di-scarico-per-yacht\/\",\"url\":\"https:\/\/www.marineexhaust.com\/it\/sistemi-di-scarico-per-yacht\/\",\"name\":\"Sistemi gas di scarico per motori marini - Marine Exhaust - Mive Eco srl\",\"isPartOf\":{\"@id\":\"https:\/\/www.marineexhaust.com\/it\/#website\"},\"datePublished\":\"2023-01-20T15:16:58+00:00\",\"dateModified\":\"2024-01-29T09:56:23+00:00\",\"breadcrumb\":{\"@id\":\"https:\/\/www.marineexhaust.com\/it\/sistemi-di-scarico-per-yacht\/#breadcrumb\"},\"inLanguage\":\"it-IT\",\"potentialAction\":[{\"@type\":\"ReadAction\",\"target\":[\"https:\/\/www.marineexhaust.com\/it\/sistemi-di-scarico-per-yacht\/\"]}]},{\"@type\":\"BreadcrumbList\",\"@id\":\"https:\/\/www.marineexhaust.com\/it\/sistemi-di-scarico-per-yacht\/#breadcrumb\",\"itemListElement\":[{\"@type\":\"ListItem\",\"position\":1,\"name\":\"Home\",\"item\":\"https:\/\/www.marineexhaust.com\/it\/\"},{\"@type\":\"ListItem\",\"position\":2,\"name\":\"Exhaust systems for yachts\"}]},{\"@type\":\"WebSite\",\"@id\":\"https:\/\/www.marineexhaust.com\/it\/#website\",\"url\":\"https:\/\/www.marineexhaust.com\/it\/\",\"name\":\"Marine Exhaust - Mive Eco srl\",\"description\":\"Exhaust systems for yachts\",\"publisher\":{\"@id\":\"https:\/\/www.marineexhaust.com\/it\/#organization\"},\"potentialAction\":[{\"@type\":\"SearchAction\",\"target\":{\"@type\":\"EntryPoint\",\"urlTemplate\":\"https:\/\/www.marineexhaust.com\/it\/?s={search_term_string}\"},\"query-input\":{\"@type\":\"PropertyValueSpecification\",\"valueRequired\":true,\"valueName\":\"search_term_string\"}}],\"inLanguage\":\"it-IT\"},{\"@type\":\"Organization\",\"@id\":\"https:\/\/www.marineexhaust.com\/it\/#organization\",\"name\":\"Marine Exhaust - Mive Eco srl\",\"url\":\"https:\/\/www.marineexhaust.com\/it\/\",\"logo\":{\"@type\":\"ImageObject\",\"inLanguage\":\"it-IT\",\"@id\":\"https:\/\/www.marineexhaust.com\/it\/#\/schema\/logo\/image\/\",\"url\":\"https:\/\/www.marineexhaust.com\/wp-content\/uploads\/2023\/01\/logo-miveeco.png\",\"contentUrl\":\"https:\/\/www.marineexhaust.com\/wp-content\/uploads\/2023\/01\/logo-miveeco.png\",\"width\":327,\"height\":90,\"caption\":\"Marine Exhaust - Mive Eco srl\"},\"image\":{\"@id\":\"https:\/\/www.marineexhaust.com\/it\/#\/schema\/logo\/image\/\"},\"sameAs\":[\"https:\/\/www.facebook.com\/miveecosrl\"]}]}<\/script>\n<!-- \/ Yoast SEO plugin. -->","yoast_head_json":{"title":"Sistemi gas di scarico per motori marini - Marine Exhaust - Mive Eco srl","robots":{"index":"index","follow":"follow","max-snippet":"max-snippet:-1","max-image-preview":"max-image-preview:large","max-video-preview":"max-video-preview:-1"},"canonical":"https:\/\/www.marineexhaust.com\/it\/sistemi-di-scarico-per-yacht\/","og_locale":"it_IT","og_type":"article","og_title":"Sistemi gas di scarico per motori marini - Marine Exhaust - Mive Eco srl","og_description":"[vc_row pix_particles_check=&#8221;&#8221;][vc_column content_align=&#8221;text-center&#8221;][\/vc_column][\/vc_row][vc_section full_width=&#8221;stretch_row&#8221; pix_over_visibility=&#8221;&#8221; bottom_divider_select=&#8221;9&#8243; bottom_layers=&#8221;1&#8243; css=&#8221;.vc_custom_1674231961302{margin-top: 32px !important;padding-top: 32px !important;padding-bottom: 60px !important;background-color: #f8f9fa !important;}&#8221;][vc_row pix_particles_check=&#8221;&#8221;][vc_column width=&#8221;1\/4&#8243;][\/vc_column][vc_column width=&#8221;1\/4&#8243;][\/vc_column][vc_column width=&#8221;1\/4&#8243;][\/vc_column][vc_column width=&#8221;1\/4&#8243;][\/vc_column][\/vc_row][\/vc_section][vc_row pix_particles_check=&#8221;&#8221; css=&#8221;.vc_custom_1674386296137{padding-top: 32px !important;padding-bottom: 32px !important;background-color: #ffffff !important;}&#8221;][vc_column width=&#8221;2\/3&#8243;][vc_column_text]Gli ingegneri della Mive Eco sono il meglio che l\u2019ambito navale...","og_url":"https:\/\/www.marineexhaust.com\/it\/sistemi-di-scarico-per-yacht\/","og_site_name":"Marine Exhaust - Mive Eco srl","article_publisher":"https:\/\/www.facebook.com\/miveecosrl","article_modified_time":"2024-01-29T09:56:23+00:00","twitter_card":"summary_large_image","twitter_misc":{"Tempo di lettura stimato":"3 minuti"},"schema":{"@context":"https:\/\/schema.org","@graph":[{"@type":"WebPage","@id":"https:\/\/www.marineexhaust.com\/it\/sistemi-di-scarico-per-yacht\/","url":"https:\/\/www.marineexhaust.com\/it\/sistemi-di-scarico-per-yacht\/","name":"Sistemi gas di scarico per motori marini - Marine Exhaust - Mive Eco srl","isPartOf":{"@id":"https:\/\/www.marineexhaust.com\/it\/#website"},"datePublished":"2023-01-20T15:16:58+00:00","dateModified":"2024-01-29T09:56:23+00:00","breadcrumb":{"@id":"https:\/\/www.marineexhaust.com\/it\/sistemi-di-scarico-per-yacht\/#breadcrumb"},"inLanguage":"it-IT","potentialAction":[{"@type":"ReadAction","target":["https:\/\/www.marineexhaust.com\/it\/sistemi-di-scarico-per-yacht\/"]}]},{"@type":"BreadcrumbList","@id":"https:\/\/www.marineexhaust.com\/it\/sistemi-di-scarico-per-yacht\/#breadcrumb","itemListElement":[{"@type":"ListItem","position":1,"name":"Home","item":"https:\/\/www.marineexhaust.com\/it\/"},{"@type":"ListItem","position":2,"name":"Exhaust systems for yachts"}]},{"@type":"WebSite","@id":"https:\/\/www.marineexhaust.com\/it\/#website","url":"https:\/\/www.marineexhaust.com\/it\/","name":"Marine Exhaust - Mive Eco srl","description":"Exhaust systems for yachts","publisher":{"@id":"https:\/\/www.marineexhaust.com\/it\/#organization"},"potentialAction":[{"@type":"SearchAction","target":{"@type":"EntryPoint","urlTemplate":"https:\/\/www.marineexhaust.com\/it\/?s={search_term_string}"},"query-input":{"@type":"PropertyValueSpecification","valueRequired":true,"valueName":"search_term_string"}}],"inLanguage":"it-IT"},{"@type":"Organization","@id":"https:\/\/www.marineexhaust.com\/it\/#organization","name":"Marine Exhaust - Mive Eco srl","url":"https:\/\/www.marineexhaust.com\/it\/","logo":{"@type":"ImageObject","inLanguage":"it-IT","@id":"https:\/\/www.marineexhaust.com\/it\/#\/schema\/logo\/image\/","url":"https:\/\/www.marineexhaust.com\/wp-content\/uploads\/2023\/01\/logo-miveeco.png","contentUrl":"https:\/\/www.marineexhaust.com\/wp-content\/uploads\/2023\/01\/logo-miveeco.png","width":327,"height":90,"caption":"Marine Exhaust - Mive Eco srl"},"image":{"@id":"https:\/\/www.marineexhaust.com\/it\/#\/schema\/logo\/image\/"},"sameAs":["https:\/\/www.facebook.com\/miveecosrl"]}]}},"_links":{"self":[{"href":"https:\/\/www.marineexhaust.com\/it\/wp-json\/wp\/v2\/pages\/14309"}],"collection":[{"href":"https:\/\/www.marineexhaust.com\/it\/wp-json\/wp\/v2\/pages"}],"about":[{"href":"https:\/\/www.marineexhaust.com\/it\/wp-json\/wp\/v2\/types\/page"}],"author":[{"embeddable":true,"href":"https:\/\/www.marineexhaust.com\/it\/wp-json\/wp\/v2\/users\/1"}],"replies":[{"embeddable":true,"href":"https:\/\/www.marineexhaust.com\/it\/wp-json\/wp\/v2\/comments?post=14309"}],"version-history":[{"count":72,"href":"https:\/\/www.marineexhaust.com\/it\/wp-json\/wp\/v2\/pages\/14309\/revisions"}],"predecessor-version":[{"id":14312,"href":"https:\/\/www.marineexhaust.com\/it\/wp-json\/wp\/v2\/pages\/14309\/revisions\/14312"}],"wp:attachment":[{"href":"https:\/\/www.marineexhaust.com\/it\/wp-json\/wp\/v2\/media?parent=14309"}],"curies":[{"name":"wp","href":"https:\/\/api.w.org\/{rel}","templated":true}]}}